{"id":77863,"date":"2025-07-23T09:46:46","date_gmt":"2025-07-23T02:46:46","guid":{"rendered":"https:\/\/www.globallandscapesforum.org\/?page_id=77863"},"modified":"2025-07-23T15:19:19","modified_gmt":"2025-07-23T08:19:19","slug":"journalist-dashboard","status":"publish","type":"page","link":"https:\/\/www.globallandscapesforum.org\/es\/journalist-dashboard\/","title":{"rendered":"Journalist Dashboard"},"content":{"rendered":"","protected":true},"excerpt":{"rendered":"","protected":true},"author":5,"featured_media":0,"parent":0,"menu_order":0,"comment_status":"closed","ping_status":"closed","template":"revamp\/dashboard-template.php","meta":{"_acf_changed":false,"jetpack_post_was_ever_published":false,"footnotes":"","_links_to":"","_links_to_target":""},"categories":[],"location":[],"event_theme":[],"coauthors":[720],"class_list":["post-77863","page","type-page","status-publish","post-password-required","hentry"],"acf":[],"yoast_head":"<!-- This site is optimized with the Yoast SEO plugin v27.4 - https:\/\/yoast.com\/product\/yoast-seo-wordpress\/ -->\n<title>Journalist Dashboard - Global Landscapes Forum<\/title>\n<meta name=\"description\" content=\"Este contenido est\u00e1 protegido por contrase\u00f1a. Para verlo introduce la contrase\u00f1a. Contrase\u00f1a:\" \/>\n<meta name=\"robots\" content=\"index, follow, max-snippet:-1, max-image-preview:large, max-video-preview:-1\" \/>\n<link rel=\"canonical\" href=\"https:\/\/www.globallandscapesforum.org\/journalist-dashboard\/\" \/>\n<meta property=\"og:locale\" content=\"es_ES\" \/>\n<meta property=\"og:type\" content=\"article\" \/>\n<meta property=\"og:title\" content=\"Journalist Dashboard - Global Landscapes Forum\" \/>\n<meta property=\"og:url\" content=\"https:\/\/www.globallandscapesforum.org\/journalist-dashboard\/\" \/>\n<meta property=\"og:site_name\" content=\"Global Landscapes Forum\" \/>\n<meta property=\"article:publisher\" content=\"https:\/\/www.facebook.com\/GlobalLandscapesForum\/\" \/>\n<meta property=\"article:modified_time\" content=\"2025-07-23T08:19:19+00:00\" \/>\n<meta name=\"twitter:card\" content=\"summary_large_image\" \/>\n<meta name=\"twitter:site\" content=\"@globallf\" \/>\n<meta name=\"twitter:label1\" content=\"Written by\" \/>\n\t<meta name=\"twitter:data1\" content=\"Global Landscapes Forum AM\" \/>\n<!-- \/ Yoast SEO plugin. -->","yoast_head_json":{"title":"Journalist Dashboard - Global Landscapes Forum","description":"Este contenido est\u00e1 protegido por contrase\u00f1a. Para verlo introduce la contrase\u00f1a. Contrase\u00f1a:","robots":{"index":"index","follow":"follow","max-snippet":"max-snippet:-1","max-image-preview":"max-image-preview:large","max-video-preview":"max-video-preview:-1"},"canonical":"https:\/\/www.globallandscapesforum.org\/journalist-dashboard\/","og_locale":"es_ES","og_type":"article","og_title":"Journalist Dashboard - Global Landscapes Forum","og_url":"https:\/\/www.globallandscapesforum.org\/journalist-dashboard\/","og_site_name":"Global Landscapes Forum","article_publisher":"https:\/\/www.facebook.com\/GlobalLandscapesForum\/","article_modified_time":"2025-07-23T08:19:19+00:00","twitter_card":"summary_large_image","twitter_site":"@globallf","twitter_misc":{"Written by":"Global Landscapes Forum AM"},"schema":{"@context":"https:\/\/schema.org","@graph":[{"@type":"WebPage","@id":"https:\/\/www.globallandscapesforum.org\/journalist-dashboard\/","url":"https:\/\/www.globallandscapesforum.org\/journalist-dashboard\/","name":"Journalist Dashboard - Global Landscapes Forum","isPartOf":{"@id":"https:\/\/www.globallandscapesforum.org\/#website"},"datePublished":"2025-07-23T02:46:46+00:00","dateModified":"2025-07-23T08:19:19+00:00","breadcrumb":{"@id":"https:\/\/www.globallandscapesforum.org\/journalist-dashboard\/#breadcrumb"},"inLanguage":"es"},{"@type":"WebSite","@id":"https:\/\/www.globallandscapesforum.org\/#website","url":"https:\/\/www.globallandscapesforum.org\/","name":"Global Landscapes Forum","description":"Connect, learn and share","publisher":{"@id":"https:\/\/www.globallandscapesforum.org\/#organization"},"potentialAction":[{"@type":"SearchAction","target":{"@type":"EntryPoint","urlTemplate":"https:\/\/www.globallandscapesforum.org\/?s={search_term_string}"},"query-input":{"@type":"PropertyValueSpecification","valueRequired":true,"valueName":"search_term_string"}}],"inLanguage":"es"},{"@type":"Organization","@id":"https:\/\/www.globallandscapesforum.org\/#organization","name":"Global Landscapes Forum","url":"https:\/\/www.globallandscapesforum.org\/","logo":{"@type":"ImageObject","inLanguage":"es","@id":"https:\/\/www.globallandscapesforum.org\/#\/schema\/logo\/image\/","url":"https:\/\/i0.wp.com\/www.globallandscapesforum.org\/wp-content\/uploads\/2018\/02\/logo_glf.png?fit=63%2C60&ssl=1","contentUrl":"https:\/\/i0.wp.com\/www.globallandscapesforum.org\/wp-content\/uploads\/2018\/02\/logo_glf.png?fit=63%2C60&ssl=1","width":63,"height":60,"caption":"Global Landscapes Forum"},"image":{"@id":"https:\/\/www.globallandscapesforum.org\/#\/schema\/logo\/image\/"},"sameAs":["https:\/\/www.facebook.com\/GlobalLandscapesForum\/","https:\/\/x.com\/globallf","https:\/\/www.instagram.com\/globallandscapesforum\/","https:\/\/www.linkedin.com\/company\/globallandscapesforum","https:\/\/www.youtube.com\/globallandscapesforum"]}]}},"jetpack_shortlink":"https:\/\/wp.me\/P9kTlW-kfR","jetpack_sharing_enabled":true,"_links":{"self":[{"href":"https:\/\/www.globallandscapesforum.org\/es\/wp-json\/wp\/v2\/pages\/77863","targetHints":{"allow":["GET"]}}],"collection":[{"href":"https:\/\/www.globallandscapesforum.org\/es\/wp-json\/wp\/v2\/pages"}],"about":[{"href":"https:\/\/www.globallandscapesforum.org\/es\/wp-json\/wp\/v2\/types\/page"}],"author":[{"embeddable":true,"href":"https:\/\/www.globallandscapesforum.org\/es\/wp-json\/wp\/v2\/users\/5"}],"replies":[{"embeddable":true,"href":"https:\/\/www.globallandscapesforum.org\/es\/wp-json\/wp\/v2\/comments?post=77863"}],"version-history":[{"count":0,"href":"https:\/\/www.globallandscapesforum.org\/es\/wp-json\/wp\/v2\/pages\/77863\/revisions"}],"wp:attachment":[{"href":"https:\/\/www.globallandscapesforum.org\/es\/wp-json\/wp\/v2\/media?parent=77863"}],"wp:term":[{"taxonomy":"category","embeddable":true,"href":"https:\/\/www.globallandscapesforum.org\/es\/wp-json\/wp\/v2\/categories?post=77863"},{"taxonomy":"location","embeddable":true,"href":"https:\/\/www.globallandscapesforum.org\/es\/wp-json\/wp\/v2\/location?post=77863"},{"taxonomy":"event_theme","embeddable":true,"href":"https:\/\/www.globallandscapesforum.org\/es\/wp-json\/wp\/v2\/event_theme?post=77863"},{"taxonomy":"author","embeddable":true,"href":"https:\/\/www.globallandscapesforum.org\/es\/wp-json\/wp\/v2\/coauthors?post=77863"}],"curies":[{"name":"wp","href":"https:\/\/api.w.org\/{rel}","templated":true}]}}